{"id":942,"date":"2018-11-12T06:12:24","date_gmt":"2018-11-12T06:12:24","guid":{"rendered":"http:\/\/www.voxon-festival.com\/?page_id=942"},"modified":"2018-11-12T06:31:46","modified_gmt":"2018-11-12T06:31:46","slug":"line-up-2019","status":"publish","type":"page","link":"http:\/\/www.voxon-festival.com\/?page_id=942","title":{"rendered":"Line-up 2019"},"content":{"rendered":"<h2><strong>Naturally7 (USA)<\/strong><\/h2>\n<p><a href=\"http:\/\/www.voxon-festival.com\/wp-content\/uploads\/2018\/11\/n7_vaf_2019.png\" rel=\"prettyPhoto[942]\"><img loading=\"lazy\" decoding=\"async\" class=\" wp-image-939 alignnone\" src=\"http:\/\/www.voxon-festival.com\/wp-content\/uploads\/2018\/11\/n7_vaf_2019.png\" alt=\"\" width=\"458\" height=\"433\" srcset=\"http:\/\/www.voxon-festival.com\/wp-content\/uploads\/2018\/11\/n7_vaf_2019.png 800w, http:\/\/www.voxon-festival.com\/wp-content\/uploads\/2018\/11\/n7_vaf_2019-300x284.png 300w, http:\/\/www.voxon-festival.com\/wp-content\/uploads\/2018\/11\/n7_vaf_2019-768x727.png 768w, http:\/\/www.voxon-festival.com\/wp-content\/uploads\/2018\/11\/n7_vaf_2019-600x568.png 600w\" sizes=\"auto, (max-width: 458px) 100vw, 458px\" \/><\/a><\/p>\n<p><b>Naturally7 <\/b>ist laut Michael Jacksons Produzent Quincy Jones die beste a-cappella-Band der Welt.&nbsp;Auf Einladung von Michael Bubl\u00e9 waren sie bereits Special Guests auf drei Welttourneen des kanadischen S\u00e4ngers vor mehr als vier Millionen Zuschauern. Au\u00dferdem haben sie u. a. mit Coldplay-S\u00e4nger Chris Martin, Herbie Hancock, Brian Eno, Queen und Diana Ross zusammengearbeitet.&nbsp;<\/p>\n<p><strong>Naturally7<\/strong> je po mnenju Michael Jacksonovega producenta Quincyja Jonesa najbolj\u0161i a-cappella-bend na svetu. Na povabilp Michaela Bubl\u00e9ja so bili posebni gostje pri treh svetovnih turnejah z ve\u010d kot \u0161tiri milijoni obiskovalci. Poleg tega so sodelovali s Coldplay-pevcem Chrisom Martinom, Herbiejem Hancockom, Brianom Enom, Queen, Diano Ross in mnogimi drugimi zvezdniki.<\/p>\n<p><strong>Naturally7<\/strong> is the best a cappella band in the world, according to Michael Jackson&#8217;s producer Quincy Jones. Invited by Michael Bubl\u00e9, they have been special guests on three world tours of the Canadian singer in front of more than four million viewers. In addition, they have collaborated with Coldplay vocalist Chris Martin, Herbie Hancock, Brian Eno, Queen and Diana Ross.<\/p>\n<p><strong>Mitglieder\/\u010clani\/The members<\/strong><br \/>\nRoger Thomas<br \/>\nWarrenThomas<br \/>\nDwight Stewart<br \/>\nRod Eldbridge<br \/>\nKelz<br \/>\nRicky Cort<br \/>\nSean Simmonds<\/p>\n<p>&nbsp;<\/p>\n<h2><strong>SPECIAL GUEST<br \/>\nCHRISTIAN H\u00d6LBLING alias HELFRIED (AUT)<\/strong><\/h2>\n<p><a href=\"http:\/\/www.voxon-festival.com\/wp-content\/uploads\/2017\/11\/helfried_christianhoelbling.jpg\" rel=\"prettyPhoto[942]\"><img loading=\"lazy\" decoding=\"async\" class=\"size-full wp-image-743 alignnone\" src=\"http:\/\/www.voxon-festival.com\/wp-content\/uploads\/2017\/11\/helfried_christianhoelbling.jpg\" alt=\"\" width=\"600\" height=\"397\" srcset=\"http:\/\/www.voxon-festival.com\/wp-content\/uploads\/2017\/11\/helfried_christianhoelbling.jpg 600w, http:\/\/www.voxon-festival.com\/wp-content\/uploads\/2017\/11\/helfried_christianhoelbling-300x199.jpg 300w\" sizes=\"auto, (max-width: 600px) 100vw, 600px\" \/><\/a><\/p>\n<p><strong>Der k\u00e4rntnerisch-steirische &#8222;Doppelstaatsb\u00fcrger&#8220; Christian H\u00f6lbling<\/strong> ist mit seiner Kunstfigur Helfried als TV-Moderator (&#8222;Vurschrift is Vurschrift&#8220;) sowie f\u00fcr sein Humorfestival Velden und die Talkshow &#8222;Helfrieds Strenge Kammer&#8220; bekannt.<br \/>\nBeim Voxon A-cappella Festival gab er 2017 als Helfried sein Debut als Festival-Moderator und sorgte mit seiner Spontaneit\u00e4t und seinem niveauvollem Humor f\u00fcr Lachkr\u00e4mpfe und Begeisterungsst\u00fcrme.<\/p>\n<p><strong>Koro\u0161ko-\u0161tajerski &#8222;dvojni dr\u017eavljan&#8220; Christian H\u00f6lbling<\/strong> je s svojo umetnostno osebnostjo Helfried zastopan tudi na televiziji in prireja Festival humorja v Vrbi ter pogovorni \u0161ov &#8222;Helfrieds Strenge Kammer&#8220;.<br \/>\nPri Voxon A-cappella Festivalu 2017 je v vlogi Helfrieda prvi\u010d moderiral na\u0161 festival in je s svojo spontanostjo in humorjem na najvi\u0161ji ravni poskrbel za prave napade smeha in val navdu\u0161enja.<\/p>\n<h2>&nbsp;<\/h2>\n<h2><strong>VOXON (AUT)<\/strong><\/h2>\n<p><a href=\"http:\/\/www.voxon-festival.com\/wp-content\/uploads\/2017\/11\/voxon_2017_600.jpg\" rel=\"prettyPhoto[942]\"><img loading=\"lazy\" decoding=\"async\" class=\"size-full wp-image-742 alignnone\" src=\"http:\/\/www.voxon-festival.com\/wp-content\/uploads\/2017\/11\/voxon_2017_600.jpg\" alt=\"\" width=\"600\" height=\"350\" srcset=\"http:\/\/www.voxon-festival.com\/wp-content\/uploads\/2017\/11\/voxon_2017_600.jpg 600w, http:\/\/www.voxon-festival.com\/wp-content\/uploads\/2017\/11\/voxon_2017_600-300x175.jpg 300w\" sizes=\"auto, (max-width: 600px) 100vw, 600px\" \/><\/a><\/p>\n<p><strong>Die&nbsp;\u00f6sterreichische Vocalband Voxon<\/strong> wurde im Jahr 2007 als Nachfolgegruppe der Gruppe Vox, die im Jahr 1994&nbsp;ihren ersten Auftritt hatte und drei&nbsp;CDs ver\u00f6ffentlichte, gegr\u00fcndet. 2010 ver\u00f6ffentlichte Voxon seine erste f\u00fcnfsprachige CD und war damit f\u00fcr den Cara Award nominiert.<br \/>\nDas Repertoire der Band umfasst eigene Songs und Cover in mehreren Sprachen. Das <a href=\"http:\/\/www.voxon-festival.com\/\">Voxon A-cappella Festival<\/a>, das 2012 erstmals organisiert wurde, begeistert jedes Jahr \u00fcber 1000 G\u00e4ste. Gruppen aus Deutschland, Slowenien, Italien und den USA nahmen bisher am beliebten Festival teil. Mit der <a href=\"http:\/\/www.voxon.at\/academy\">Voxon Academy<\/a> bietet&nbsp;Voxon jungen Musikerinnen und Musikern&nbsp;einen perfekten Einstieg in die Welt der Musik.<\/p>\n<p><strong>Avstrijski vokalni bend Voxon<\/strong> je bil ustanovljen leta 2007 in je nasledil skupino Vox, ki je nastala&nbsp;1994 in je posnela tri CDje. Leta 2010 je vokalni bend Voxon objavil prvi CD, ki je naposled bil nominiran za Cara Award.<br \/>\nRepertoar skupine obsega avtorske sklabe in lastne priredbe coverjev v ve\u010d jezikih.&nbsp;<a href=\"http:\/\/www.voxon-festival.com\/\">Voxon A-cappella Festival<\/a>, ki ga organizirajo od leta 2012 dalje, vsako leto privabi v Pliberk nad 1000 gostov. Doslej so pri festivalu sodelovale skupine iz Nem\u010dije, Slovenije, Italije in ZDA.&nbsp;<a href=\"http:\/\/www.voxon.at\/academy\">Voxon Academy<\/a>, ki pravtako deluje od leta 2012 dalje, nudi mladim glasbenicam in glasbenikom perfekten vstop v svet glasbe.<\/p>\n<p><strong>The Austrian Vocal Band Voxon<\/strong> was founded in 2007 as a follow-up group of the group Vox, which had their first performance in 1994 and released three CDs.<br \/>\nIn 2010 Voxon released a CD with songs in five different languages and were nominated for the Cara Award.<br \/>\nThe Voxon A-cappella Festival, which was first organized in 2012, thrilled more than 1000 guests every year.<br \/>\nGroups from Germany, Slovenia, Italy and the United States took part in the popular festival.<br \/>\nWith the <a href=\"http:\/\/www.voxon.at\/academy\">Voxon Academy<\/a> Voxon offers young musicians a perfect introduction to the world of music.<\/p>\n","protected":false},"excerpt":{"rendered":"<p>Naturally7 (USA) Naturally7 ist laut Michael Jacksons Produzent Quincy Jones die beste a-cappella-Band der Welt.&nbsp;Auf Einladung von Michael Bubl\u00e9 waren sie bereits Special Guests auf drei Welttourneen des kanadischen S\u00e4ngers vor mehr als vier Millionen Zuschauern. Au\u00dferdem haben sie u. a. mit Coldplay-S\u00e4nger Chris Martin, Herbie Hancock, Brian Eno, Queen und Diana Ross zusammengearbeitet.&nbsp; Naturally7 [&hellip;]<\/p>\n","protected":false},"author":1,"featured_media":0,"parent":0,"menu_order":0,"comment_status":"closed","ping_status":"closed","template":"","meta":{"ngg_post_thumbnail":0,"jetpack_post_was_ever_published":false,"footnotes":""},"class_list":["post-942","page","type-page","status-publish","hentry"],"jetpack_sharing_enabled":true,"jetpack_shortlink":"https:\/\/wp.me\/P6weoo-fc","_links":{"self":[{"href":"http:\/\/www.voxon-festival.com\/index.php?rest_route=\/wp\/v2\/pages\/942","targetHints":{"allow":["GET"]}}],"collection":[{"href":"http:\/\/www.voxon-festival.com\/index.php?rest_route=\/wp\/v2\/pages"}],"about":[{"href":"http:\/\/www.voxon-festival.com\/index.php?rest_route=\/wp\/v2\/types\/page"}],"author":[{"embeddable":true,"href":"http:\/\/www.voxon-festival.com\/index.php?rest_route=\/wp\/v2\/users\/1"}],"replies":[{"embeddable":true,"href":"http:\/\/www.voxon-festival.com\/index.php?rest_route=%2Fwp%2Fv2%2Fcomments&post=942"}],"version-history":[{"count":4,"href":"http:\/\/www.voxon-festival.com\/index.php?rest_route=\/wp\/v2\/pages\/942\/revisions"}],"predecessor-version":[{"id":947,"href":"http:\/\/www.voxon-festival.com\/index.php?rest_route=\/wp\/v2\/pages\/942\/revisions\/947"}],"wp:attachment":[{"href":"http:\/\/www.voxon-festival.com\/index.php?rest_route=%2Fwp%2Fv2%2Fmedia&parent=942"}],"curies":[{"name":"wp","href":"https:\/\/api.w.org\/{rel}","templated":true}]}}