{"id":82,"date":"2012-04-07T12:57:38","date_gmt":"2012-04-07T12:57:38","guid":{"rendered":"http:\/\/www.voxon-festival.com\/?page_id=82"},"modified":"2018-01-02T15:36:25","modified_gmt":"2018-01-02T15:36:25","slug":"location","status":"publish","type":"page","link":"http:\/\/www.voxon-festival.com\/?page_id=82","title":{"rendered":"Locations"},"content":{"rendered":"<h3>Locations<\/h3>\n<p><strong>Jufa Arena Bleiburg\/Pliberk<\/strong><\/p>\n<p><a href=\"http:\/\/www.voxon-festival.com\/wp-content\/uploads\/2018\/01\/jufa_arena.jpg\" rel=\"prettyPhoto[82]\"><img loading=\"lazy\" decoding=\"async\" class=\"wp-image-784 alignnone\" src=\"http:\/\/www.voxon-festival.com\/wp-content\/uploads\/2018\/01\/jufa_arena.jpg\" alt=\"\" width=\"549\" height=\"399\" srcset=\"http:\/\/www.voxon-festival.com\/wp-content\/uploads\/2018\/01\/jufa_arena.jpg 1200w, http:\/\/www.voxon-festival.com\/wp-content\/uploads\/2018\/01\/jufa_arena-300x218.jpg 300w, http:\/\/www.voxon-festival.com\/wp-content\/uploads\/2018\/01\/jufa_arena-768x558.jpg 768w, http:\/\/www.voxon-festival.com\/wp-content\/uploads\/2018\/01\/jufa_arena-1024x744.jpg 1024w\" sizes=\"auto, (max-width: 549px) 100vw, 549px\" \/><\/a><\/p>\n<p><strong>Platz f\u00fcr \u00fcber 1000 Besucher<\/strong><br \/>\nIn der Jufa Arena finden \u00fcber 1000 Besucher Platz. Modernste Licht- und Tontechnik bieten die besten Voraussetzungen f\u00fcr eine tolle B\u00fchnenshow.<\/p>\n<p><strong>Prostora za nad 1000&nbsp;ljudi<\/strong><br \/>\nV Jufa Areni je prostora za nad 1000 obiskovalcev. Najsodobnej\u0161a svetlobna in tonska naprava nudita najbolj\u0161e pogoje za odli\u010den odrski \u0161ov.<\/p>\n<p><strong>Space for about 1000 visitors<\/strong><br \/>\nThe Jufa Arena offers space for more than 1000 visitors. State of the art lighting and sound equipment are offering the best conditions for a great stage show.<\/p>\n<p>&nbsp;<\/p>\n<p><strong>Kulturni dom Bleiburg\/Pliberk<\/strong><\/p>\n<p><strong><a href=\"http:\/\/www.voxon-festival.com\/wp-content\/uploads\/2012\/04\/kulturnidom_venue.jpg\" rel=\"prettyPhoto[82]\"><img loading=\"lazy\" decoding=\"async\" class=\"wp-image-517 alignnone\" src=\"http:\/\/www.voxon-festival.com\/wp-content\/uploads\/2012\/04\/kulturnidom_venue.jpg\" alt=\"\" width=\"550\" height=\"361\" srcset=\"http:\/\/www.voxon-festival.com\/wp-content\/uploads\/2012\/04\/kulturnidom_venue.jpg 2000w, http:\/\/www.voxon-festival.com\/wp-content\/uploads\/2012\/04\/kulturnidom_venue-300x197.jpg 300w, http:\/\/www.voxon-festival.com\/wp-content\/uploads\/2012\/04\/kulturnidom_venue-768x504.jpg 768w, http:\/\/www.voxon-festival.com\/wp-content\/uploads\/2012\/04\/kulturnidom_venue-1024x672.jpg 1024w\" sizes=\"auto, (max-width: 550px) 100vw, 550px\" \/><\/a><\/strong><\/p>\n<p><strong>Platz f\u00fcr \u00fcber 500 Besucher<\/strong><br \/>\nIm Kulturni dom (dt. Kulturhaus) finden \u00fcber 500 Besucher Platz. Ausgestattet mit modernster Licht- und Tontechnik bietet die zweitgr\u00f6\u00dfte Kulturb\u00fchne K\u00e4rntens die besten Voraussetzungen f\u00fcr eine tolle B\u00fchnenshow.<\/p>\n<p><strong>Prostora za nad 500&nbsp;ljudi<\/strong><br \/>\nV kulturnem domu je prostora za nad 500 obiskovalcev. Dvorana je opremljena z najsodobnej\u0161o svetlobno in tonsko napravo. Tako drugi najve\u010dji kulturni oder Koro\u0161ke nudi najbolj\u0161e pogoje za odli\u010den odrski \u0161ov.<\/p>\n<p><strong>Space for about 500 visitors<\/strong><br \/>\nThe cultural hall in Bleiburg\/Pliberk offers space for about 500 visitors. Equipped with state of the art lighting and sound equipment it is the second largest cultural stage of Carinthia and offers the best conditions for a great stage show.<\/p>\n<p>&nbsp;<\/p>\n<p><a href=\"http:\/\/www.voxon-festival.com\/wp-content\/uploads\/2014\/02\/voxon_acappella_festival_2014_lineup2.jpg\" rel=\"prettyPhoto[82]\"><img loading=\"lazy\" decoding=\"async\" class=\" wp-image-273 alignleft\" src=\"http:\/\/www.voxon-festival.com\/wp-content\/uploads\/2014\/02\/voxon_acappella_festival_2014_lineup2.jpg\" alt=\"voxon_acappella_festival_2014_lineup\" width=\"549\" height=\"190\" srcset=\"http:\/\/www.voxon-festival.com\/wp-content\/uploads\/2014\/02\/voxon_acappella_festival_2014_lineup2.jpg 960w, http:\/\/www.voxon-festival.com\/wp-content\/uploads\/2014\/02\/voxon_acappella_festival_2014_lineup2-300x103.jpg 300w\" sizes=\"auto, (max-width: 549px) 100vw, 549px\" \/><\/a><\/p>\n<p>&nbsp;<\/p>\n<p>&nbsp;<\/p>\n<p>&nbsp;<\/p>\n<p>&nbsp;<\/p>\n<p>&nbsp;<\/p>\n<p>&nbsp;<\/p>\n<p><strong>Google Maps<\/strong><\/p>\n<p>Jufa Arena Bleiburg\/Pliberk<br \/>\n<iframe loading=\"lazy\" style=\"border: 0;\" src=\"https:\/\/www.google.com\/maps\/embed?pb=!1m18!1m12!1m3!1d2742.096393113062!2d14.798273015814573!3d46.58533176595532!2m3!1f0!2f0!3f0!3m2!1i1024!2i768!4f13.1!3m3!1m2!1s0x476ffdb504c94029%3A0x7f2750dc22251e32!2sJUFA+Hotel+Bleiburg%2FPliberk+-+Sport-Resort*2A*2A*2A!5e0!3m2!1sde!2sat!4v1514907320335\" width=\"600\" height=\"450\" frameborder=\"0\" allowfullscreen=\"allowfullscreen\"><\/iframe><\/p>\n<p>Kulturni dom Bleiburg\/Pliberk<br \/>\n<iframe loading=\"lazy\" style=\"border: 0;\" src=\"https:\/\/www.google.com\/maps\/embed?pb=!1m18!1m12!1m3!1d1741.4727445633691!2d14.795284900000004!3d46.59041159999999!2m3!1f0!2f0!3f0!3m2!1i1024!2i768!4f13.1!3m3!1m2!1s0x476ffdb0e5a713d9%3A0x44dac6631a7844b4!2sV%C3%B6lkermarkter+Str.+10%2C+9150+Bleiburg!5e1!3m2!1sde!2sat!4v1437823405864\" width=\"600\" height=\"450\" frameborder=\"0\" allowfullscreen=\"allowfullscreen\"><\/iframe><\/p>\n<p>&nbsp;<\/p>\n","protected":false},"excerpt":{"rendered":"<p>Locations Jufa Arena Bleiburg\/Pliberk Platz f\u00fcr \u00fcber 1000 Besucher In der Jufa Arena finden \u00fcber 1000 Besucher Platz. Modernste Licht- und Tontechnik bieten die besten Voraussetzungen f\u00fcr eine tolle B\u00fchnenshow. Prostora za nad 1000&nbsp;ljudi V Jufa Areni je prostora za nad 1000 obiskovalcev. Najsodobnej\u0161a svetlobna in tonska naprava nudita najbolj\u0161e pogoje za odli\u010den odrski \u0161ov. [&hellip;]<\/p>\n","protected":false},"author":1,"featured_media":0,"parent":0,"menu_order":0,"comment_status":"closed","ping_status":"closed","template":"","meta":{"ngg_post_thumbnail":0,"jetpack_post_was_ever_published":false,"footnotes":""},"class_list":["post-82","page","type-page","status-publish","hentry"],"jetpack_sharing_enabled":true,"jetpack_shortlink":"https:\/\/wp.me\/P6weoo-1k","_links":{"self":[{"href":"http:\/\/www.voxon-festival.com\/index.php?rest_route=\/wp\/v2\/pages\/82","targetHints":{"allow":["GET"]}}],"collection":[{"href":"http:\/\/www.voxon-festival.com\/index.php?rest_route=\/wp\/v2\/pages"}],"about":[{"href":"http:\/\/www.voxon-festival.com\/index.php?rest_route=\/wp\/v2\/types\/page"}],"author":[{"embeddable":true,"href":"http:\/\/www.voxon-festival.com\/index.php?rest_route=\/wp\/v2\/users\/1"}],"replies":[{"embeddable":true,"href":"http:\/\/www.voxon-festival.com\/index.php?rest_route=%2Fwp%2Fv2%2Fcomments&post=82"}],"version-history":[{"count":22,"href":"http:\/\/www.voxon-festival.com\/index.php?rest_route=\/wp\/v2\/pages\/82\/revisions"}],"predecessor-version":[{"id":787,"href":"http:\/\/www.voxon-festival.com\/index.php?rest_route=\/wp\/v2\/pages\/82\/revisions\/787"}],"wp:attachment":[{"href":"http:\/\/www.voxon-festival.com\/index.php?rest_route=%2Fwp%2Fv2%2Fmedia&parent=82"}],"curies":[{"name":"wp","href":"https:\/\/api.w.org\/{rel}","templated":true}]}}