{"id":520,"date":"2017-02-05T16:13:56","date_gmt":"2017-02-05T16:13:56","guid":{"rendered":"http:\/\/www.voxon-festival.com\/?page_id=520"},"modified":"2018-11-12T12:32:57","modified_gmt":"2018-11-12T12:32:57","slug":"shop","status":"publish","type":"page","link":"http:\/\/www.voxon-festival.com\/?page_id=520","title":{"rendered":"Shop"},"content":{"rendered":"<pre class=\"brush: php; gutter: false\">1. Gew\u00fcnschte Artikel \"in den Warenkorb\" legen. \/ Daj produkte v ko\u0161arico.\r\n2. \"Warenkorb ansehen\" und Anzahl kontrollieren oder \u00e4ndern. &nbsp;\/ Poglej v ko\u0161arico in preveri ali spremeni&nbsp;\u0161tevilo komadov.\r\n3. Button \u201eWeiter zur Kasse\u201c klicken. \/Klikni na \"Weiter zur Kasse\".\r\n4. Rechnungs- und Lieferdaten angeben. \/ Vpi\u0161i podatke za ra\u010dun in dostavo.\r\n5. Bestellung kontrollieren. &nbsp;\/ Preveri naro\u010dilo.\r\n6. Zahlungsmethode ausw\u00e4hlen. \/ Izberi na\u010din pla\u010dila.\r\n8. AGB\u00b4s akzeptieren. \/ Potrdi splo\u0161ne poslovne pogoje.\r\n9. Bestellung abschicken.&nbsp;\/ Odpo\u0161lji naro\u010dilo.\r\n10. Sie erhalten eine E-Mail mit der Bestell\u00fcbersicht und den Zahlungsdaten. \/ Dobite e-po\u0161to s pregledom naro\u010dil in podatki za pla\u010dilo.\r\n11. Bei Zahlungseingang wird Ihre Bestellung versendet. \/ Takoj po prihodu denarja se naro\u010dilo odpo\u0161lje.\r\n* Busreservierungen werden im Bus bezahlt!\/Rezervacije za avtobus se pla\u010dajo pri vstopu v avtobus!<\/pre>\n","protected":false},"excerpt":{"rendered":"<p>1. Gew\u00fcnschte Artikel &#8222;in den Warenkorb&#8220; legen. \/ Daj produkte v ko\u0161arico. 2. &#8222;Warenkorb ansehen&#8220; und Anzahl kontrollieren oder \u00e4ndern. &nbsp;\/ Poglej v ko\u0161arico in preveri ali spremeni&nbsp;\u0161tevilo komadov. 3. Button \u201eWeiter zur Kasse\u201c klicken. \/Klikni na &#8222;Weiter zur Kasse&#8220;. 4. Rechnungs- und Lieferdaten angeben. \/ Vpi\u0161i podatke za ra\u010dun in dostavo. 5. Bestellung kontrollieren. [&hellip;]<\/p>\n","protected":false},"author":1,"featured_media":0,"parent":0,"menu_order":0,"comment_status":"closed","ping_status":"closed","template":"","meta":{"ngg_post_thumbnail":0,"jetpack_post_was_ever_published":false,"footnotes":""},"class_list":["post-520","page","type-page","status-publish","hentry"],"jetpack_sharing_enabled":true,"jetpack_shortlink":"https:\/\/wp.me\/P6weoo-8o","_links":{"self":[{"href":"http:\/\/www.voxon-festival.com\/index.php?rest_route=\/wp\/v2\/pages\/520","targetHints":{"allow":["GET"]}}],"collection":[{"href":"http:\/\/www.voxon-festival.com\/index.php?rest_route=\/wp\/v2\/pages"}],"about":[{"href":"http:\/\/www.voxon-festival.com\/index.php?rest_route=\/wp\/v2\/types\/page"}],"author":[{"embeddable":true,"href":"http:\/\/www.voxon-festival.com\/index.php?rest_route=\/wp\/v2\/users\/1"}],"replies":[{"embeddable":true,"href":"http:\/\/www.voxon-festival.com\/index.php?rest_route=%2Fwp%2Fv2%2Fcomments&post=520"}],"version-history":[{"count":18,"href":"http:\/\/www.voxon-festival.com\/index.php?rest_route=\/wp\/v2\/pages\/520\/revisions"}],"predecessor-version":[{"id":950,"href":"http:\/\/www.voxon-festival.com\/index.php?rest_route=\/wp\/v2\/pages\/520\/revisions\/950"}],"wp:attachment":[{"href":"http:\/\/www.voxon-festival.com\/index.php?rest_route=%2Fwp%2Fv2%2Fmedia&parent=520"}],"curies":[{"name":"wp","href":"https:\/\/api.w.org\/{rel}","templated":true}]}}