{"id":412,"date":"2015-07-26T09:46:10","date_gmt":"2015-07-26T09:46:10","guid":{"rendered":"http:\/\/www.voxon-festival.com\/?page_id=412"},"modified":"2018-11-12T09:23:52","modified_gmt":"2018-11-12T09:23:52","slug":"groups","status":"publish","type":"page","link":"http:\/\/www.voxon-festival.com\/?page_id=412","title":{"rendered":"Groups"},"content":{"rendered":"<h3>Groups<\/h3>\n<p><strong>Voxon A-cappella Festival 2019<\/strong><\/p>\n<p>Naturally7 (USA)<br \/>\nVoxon (AUT)<br \/>\nSpecial guest:<br \/>\nChristian H\u00f6lbling alias Helfried (AUT)<\/p>\n<p><strong>Voxon A-cappella Festival 2018<\/strong><\/p>\n<p>The Real Group (SWE)<br \/>\nVoxon (AUT)<br \/>\nSpecial guest:<br \/>\nChristian H\u00f6lbling alias Helfried (AUT)<\/p>\n<p><strong>Voxon A-cappella Festival 2017<\/strong><\/p>\n<p>Home Free (USA)<br \/>\nVoxon (AUT)<br \/>\nSpecial guest:<br \/>\nChristian H\u00f6lbling alias Helfried (AUT)<\/p>\n<p><strong>Voxon A-cappella Festival 2015<\/strong><\/p>\n<p>Eh440 (CAN)<br \/>\nJazzva (SLO)<br \/>\nKreativo (SLO)<br \/>\nVoxon (AUT)<\/p>\n<p><strong>Voxon A-cappella Festival 2014<\/strong><\/p>\n<p>Cluster (ITA)<br \/>\nA-Kamela&nbsp;(SLO)<br \/>\nVoxon (AUT)<\/p>\n<p><strong>Voxon A-cappella Festival 2013<\/strong><\/p>\n<p>The Exchange (USA)<br \/>\nAnders&nbsp;(GER)<br \/>\nVoxon (AUT)<\/p>\n<p><strong>Voxon A-cappella Festival 2012<\/strong><\/p>\n<p>Maybe6 (ITA)<br \/>\nJazzva (SLO)<br \/>\nVoxon (AUT)<\/p>\n","protected":false},"excerpt":{"rendered":"<p>Groups Voxon A-cappella Festival 2019 Naturally7 (USA) Voxon (AUT) Special guest: Christian H\u00f6lbling alias Helfried (AUT) Voxon A-cappella Festival 2018 The Real Group (SWE) Voxon (AUT) Special guest: Christian H\u00f6lbling alias Helfried (AUT) Voxon A-cappella Festival 2017 Home Free (USA) Voxon (AUT) Special guest: Christian H\u00f6lbling alias Helfried (AUT) Voxon A-cappella Festival 2015 Eh440 (CAN) [&hellip;]<\/p>\n","protected":false},"author":1,"featured_media":0,"parent":0,"menu_order":0,"comment_status":"closed","ping_status":"closed","template":"","meta":{"ngg_post_thumbnail":0,"jetpack_post_was_ever_published":false,"footnotes":""},"class_list":["post-412","page","type-page","status-publish","hentry"],"jetpack_sharing_enabled":true,"jetpack_shortlink":"https:\/\/wp.me\/P6weoo-6E","_links":{"self":[{"href":"http:\/\/www.voxon-festival.com\/index.php?rest_route=\/wp\/v2\/pages\/412","targetHints":{"allow":["GET"]}}],"collection":[{"href":"http:\/\/www.voxon-festival.com\/index.php?rest_route=\/wp\/v2\/pages"}],"about":[{"href":"http:\/\/www.voxon-festival.com\/index.php?rest_route=\/wp\/v2\/types\/page"}],"author":[{"embeddable":true,"href":"http:\/\/www.voxon-festival.com\/index.php?rest_route=\/wp\/v2\/users\/1"}],"replies":[{"embeddable":true,"href":"http:\/\/www.voxon-festival.com\/index.php?rest_route=%2Fwp%2Fv2%2Fcomments&post=412"}],"version-history":[{"count":6,"href":"http:\/\/www.voxon-festival.com\/index.php?rest_route=\/wp\/v2\/pages\/412\/revisions"}],"predecessor-version":[{"id":948,"href":"http:\/\/www.voxon-festival.com\/index.php?rest_route=\/wp\/v2\/pages\/412\/revisions\/948"}],"wp:attachment":[{"href":"http:\/\/www.voxon-festival.com\/index.php?rest_route=%2Fwp%2Fv2%2Fmedia&parent=412"}],"curies":[{"name":"wp","href":"https:\/\/api.w.org\/{rel}","templated":true}]}}