{"id":252,"date":"2013-11-02T08:57:17","date_gmt":"2013-11-02T08:57:17","guid":{"rendered":"http:\/\/www.voxon-festival.com\/?page_id=252"},"modified":"2019-05-06T06:36:48","modified_gmt":"2019-05-06T06:36:48","slug":"reviews","status":"publish","type":"page","link":"http:\/\/www.voxon-festival.com\/?page_id=252","title":{"rendered":"Reviews"},"content":{"rendered":"<h3>Reviews<\/h3>\n<p><strong>The Real Group (SWE) &#8211; Anders Edenroth<\/strong><\/p>\n<blockquote><p>The Voxon festival was super well organized in the charming village of Bleiburg. It was also a great pleasure and an inspiration to share stage with Voxon who delivers an a cappella show full of energy and musicality. The audience was enthusiastic in a very warm and listening manner. A dream stage for a vocal group!<\/p>\n<p>&nbsp;<\/p><\/blockquote>\n<p><strong>The Exchange (USA)<\/strong><\/p>\n<blockquote><p>A long drive through the beautiful hills of Germany and Austria led The Exchange to the picturesque border-town of Bleiburg, Austria where they performed at the Voxon A-Cappella Festival. The event was hosted by local group Voxon, a collection of educators who double as fantastic singers and gracious hosts.What a change from the busy streets of Asia where we were no less than 3 days ago! The people in Bleiburg we met were so kind, and in less than a couple days we got a crash course in the town\u2019s history, drove to Italy for some pizza, toured a castle hand-made by one local man, and had a raucous show! Oh yeah, the show!<br \/>\nSo big ups as well to our new friends in Anders, the charming German group responsible for an album of catchy originals and a well-put-together show!<br \/>\nThe whole night came to a humbling and exciting pinnacle when the crowd called for a 2nd encore. The Exchange sang one more number and spent the evening mingling with the locals for an unforgettable night.<br \/>\nThank you Bleiburg, Voxon, Anders, and everybody involved!!!!<\/p><\/blockquote>\n<p>&nbsp;<\/p>\n<p><strong>Kleine Zeitung<\/strong><\/p>\n<blockquote><p>Ein vielstimmiges Festival.&nbsp;Ausverkauft war das &#8222;3. Voxon A-cappella-Festival&#8220; im Kulturni dom in Bleiburg. Die Gruppe &#8222;Voxon&#8220; unter Leitung von Danilo Katz begeisterte Besucher aus ganz K\u00e4rnten, ebenso die A-cappella-Popstars &#8222;Cluster&#8220; aus Italien und &#8222;A-kamela&#8220; aus Slowenien.<\/p><\/blockquote>\n<p><strong>Woche<\/strong><\/p>\n<blockquote><p>Auch heuer wartete wieder ein A-cappella-Feuerwerk auf die Besucher des Festivals im Kulturni dom in Bleiburg.<br \/>\nBei der Veranstaltung auf h\u00f6chstem Niveau wirkten mit: Cluster aus Italien,&nbsp;A-Kamela aus Slowenien und Voxon &#8211; sechs S\u00e4ngerinnen und S\u00e4nger aus Bleiburg\/Pliberk.<br \/>\nIm begeisterten Publikum im &#8211; bis auf den letzten Platz besetzten Kulturni dom auch viel Prominenz.<\/p><\/blockquote>\n<p><strong>Facebook &#8211; Posts<\/strong><\/p>\n<blockquote><p><em>We had such an amazing time singing with Voxon and Anders at the Voxon A-cappella Festival in Bleiburg, Austria! Thank you so much for a wonderful show, and for your kindness and hospitality. We miss you already!<\/em><br \/>\n<strong>The Exchange (USA)<\/strong><\/p><\/blockquote>\n<blockquote><p><em>Koncert je bil NEVERJETEN! <\/em><br \/>\n<em>Das Konzert war UNGLAUBLICH!<\/em><br \/>\n<em><strong>Milica P.<\/strong><\/em><\/p><\/blockquote>\n<blockquote><p><em>Das war ein sehr geiles Konzert in Bleiburg!<\/em><br \/>\n<em>To je bil zelo kul koncert v Pliberku!<\/em><br \/>\n<strong>Gernot H.<\/strong><\/p><\/blockquote>\n<blockquote><p><em>Ein toller Abend!!!! Gratulation und ich freue mich auf den n\u00e4chsten!<\/em><br \/>\n<em>Izvrsten ve\u010der!!!! \u010cestitke in se \u017ee veselim naslednjega!<\/em><br \/>\n<strong>Waltraud S.<\/strong><\/p><\/blockquote>\n<blockquote><p><em>Es war soooo toll danke f\u00fcr den sch\u00f6nen Abend!&nbsp;<\/em><br \/>\n<em>Bilo je takoooo super, hvala za ta lep ve\u010der!<\/em><br \/>\n<strong>Tanja S.<\/strong><\/p><\/blockquote>\n<blockquote><p><em>Toll was die von Voxon auf die Beine stellen! Alle Achtung!<\/em><br \/>\n<em>Super, kar Voxon postavi na noge! Vsa \u010dast!<\/em><br \/>\n<strong>Waltraud G.<\/strong><\/p><\/blockquote>\n<blockquote><p><em>Ohne Worte. Es war genial-alle-!!!!!<\/em><br \/>\n<em>Brez besed. Bilo je genialno-vsi -!!!!!<\/em><br \/>\n<strong>Vida D.<\/strong><\/p><\/blockquote>\n<h2>2019<\/h2>\n<p><a href=\"http:\/\/www.voxon-festival.com\/wp-content\/uploads\/2019\/05\/kleinezeitung_20190506.jpg\" rel=\"prettyPhoto[252]\"><img loading=\"lazy\" decoding=\"async\" class=\"alignleft  wp-image-1113\" src=\"http:\/\/www.voxon-festival.com\/wp-content\/uploads\/2019\/05\/kleinezeitung_20190506.jpg\" alt=\"\" width=\"500\" height=\"1396\" srcset=\"http:\/\/www.voxon-festival.com\/wp-content\/uploads\/2019\/05\/kleinezeitung_20190506.jpg 1188w, http:\/\/www.voxon-festival.com\/wp-content\/uploads\/2019\/05\/kleinezeitung_20190506-107x300.jpg 107w, http:\/\/www.voxon-festival.com\/wp-content\/uploads\/2019\/05\/kleinezeitung_20190506-768x2144.jpg 768w, http:\/\/www.voxon-festival.com\/wp-content\/uploads\/2019\/05\/kleinezeitung_20190506-367x1024.jpg 367w, http:\/\/www.voxon-festival.com\/wp-content\/uploads\/2019\/05\/kleinezeitung_20190506-600x1675.jpg 600w\" sizes=\"auto, (max-width: 500px) 100vw, 500px\" \/><\/a><\/p>\n<p><a href=\"http:\/\/www.voxon-festival.com\/wp-content\/uploads\/2019\/01\/kleinezeitung_20190114.jpg\" rel=\"prettyPhoto[252]\"><img loading=\"lazy\" decoding=\"async\" class=\"wp-image-1000 alignnone\" src=\"http:\/\/www.voxon-festival.com\/wp-content\/uploads\/2019\/01\/kleinezeitung_20190114.jpg\" alt=\"\" width=\"250\" height=\"902\" srcset=\"http:\/\/www.voxon-festival.com\/wp-content\/uploads\/2019\/01\/kleinezeitung_20190114.jpg 724w, http:\/\/www.voxon-festival.com\/wp-content\/uploads\/2019\/01\/kleinezeitung_20190114-83x300.jpg 83w, http:\/\/www.voxon-festival.com\/wp-content\/uploads\/2019\/01\/kleinezeitung_20190114-284x1024.jpg 284w, http:\/\/www.voxon-festival.com\/wp-content\/uploads\/2019\/01\/kleinezeitung_20190114-600x2165.jpg 600w\" sizes=\"auto, (max-width: 250px) 100vw, 250px\" \/><\/a><\/p>\n<h2><a href=\"http:\/\/www.voxon-festival.com\/wp-content\/uploads\/2019\/01\/voelkermarkter_20190110.jpg\" rel=\"prettyPhoto[252]\"><img loading=\"lazy\" decoding=\"async\" class=\"alignleft size-full wp-image-996\" src=\"http:\/\/www.voxon-festival.com\/wp-content\/uploads\/2019\/01\/voelkermarkter_20190110.jpg\" alt=\"\" width=\"2276\" height=\"1672\" srcset=\"http:\/\/www.voxon-festival.com\/wp-content\/uploads\/2019\/01\/voelkermarkter_20190110.jpg 2276w, http:\/\/www.voxon-festival.com\/wp-content\/uploads\/2019\/01\/voelkermarkter_20190110-300x220.jpg 300w, http:\/\/www.voxon-festival.com\/wp-content\/uploads\/2019\/01\/voelkermarkter_20190110-768x564.jpg 768w, http:\/\/www.voxon-festival.com\/wp-content\/uploads\/2019\/01\/voelkermarkter_20190110-1024x752.jpg 1024w, http:\/\/www.voxon-festival.com\/wp-content\/uploads\/2019\/01\/voelkermarkter_20190110-600x441.jpg 600w\" sizes=\"auto, (max-width: 2276px) 100vw, 2276px\" \/><\/a><\/h2>\n<h2>2018<\/h2>\n<h3><a href=\"http:\/\/www.voxon-festival.com\/wp-content\/uploads\/2018\/12\/kleinezeitung_20181212.jpg\" rel=\"prettyPhoto[252]\"><img loading=\"lazy\" decoding=\"async\" class=\"alignleft  wp-image-980\" src=\"http:\/\/www.voxon-festival.com\/wp-content\/uploads\/2018\/12\/kleinezeitung_20181212.jpg\" alt=\"\" width=\"500\" height=\"966\" srcset=\"http:\/\/www.voxon-festival.com\/wp-content\/uploads\/2018\/12\/kleinezeitung_20181212.jpg 1168w, http:\/\/www.voxon-festival.com\/wp-content\/uploads\/2018\/12\/kleinezeitung_20181212-155x300.jpg 155w, http:\/\/www.voxon-festival.com\/wp-content\/uploads\/2018\/12\/kleinezeitung_20181212-768x1483.jpg 768w, http:\/\/www.voxon-festival.com\/wp-content\/uploads\/2018\/12\/kleinezeitung_20181212-530x1024.jpg 530w, http:\/\/www.voxon-festival.com\/wp-content\/uploads\/2018\/12\/kleinezeitung_20181212-600x1159.jpg 600w\" sizes=\"auto, (max-width: 500px) 100vw, 500px\" \/><\/a><\/h3>\n<p><a href=\"http:\/\/www.voxon-festival.com\/wp-content\/uploads\/2018\/05\/novice_20180511_cover.jpg\" rel=\"prettyPhoto[252]\"><img loading=\"lazy\" decoding=\"async\" class=\"alignleft wp-image-901\" src=\"http:\/\/www.voxon-festival.com\/wp-content\/uploads\/2018\/05\/novice_20180511_cover.jpg\" alt=\"\" width=\"271\" height=\"326\" srcset=\"http:\/\/www.voxon-festival.com\/wp-content\/uploads\/2018\/05\/novice_20180511_cover.jpg 2460w, http:\/\/www.voxon-festival.com\/wp-content\/uploads\/2018\/05\/novice_20180511_cover-249x300.jpg 249w, http:\/\/www.voxon-festival.com\/wp-content\/uploads\/2018\/05\/novice_20180511_cover-768x924.jpg 768w, http:\/\/www.voxon-festival.com\/wp-content\/uploads\/2018\/05\/novice_20180511_cover-851x1024.jpg 851w, http:\/\/www.voxon-festival.com\/wp-content\/uploads\/2018\/05\/novice_20180511_cover-600x722.jpg 600w\" sizes=\"auto, (max-width: 271px) 100vw, 271px\" \/><\/a> <a href=\"http:\/\/www.voxon-festival.com\/wp-content\/uploads\/2018\/05\/novice_20180511.jpg\" rel=\"prettyPhoto[252]\"><img loading=\"lazy\" decoding=\"async\" class=\"wp-image-900 alignnone\" src=\"http:\/\/www.voxon-festival.com\/wp-content\/uploads\/2018\/05\/novice_20180511.jpg\" alt=\"\" width=\"234\" height=\"482\" srcset=\"http:\/\/www.voxon-festival.com\/wp-content\/uploads\/2018\/05\/novice_20180511.jpg 970w, http:\/\/www.voxon-festival.com\/wp-content\/uploads\/2018\/05\/novice_20180511-146x300.jpg 146w, http:\/\/www.voxon-festival.com\/wp-content\/uploads\/2018\/05\/novice_20180511-768x1580.jpg 768w, http:\/\/www.voxon-festival.com\/wp-content\/uploads\/2018\/05\/novice_20180511-498x1024.jpg 498w, http:\/\/www.voxon-festival.com\/wp-content\/uploads\/2018\/05\/novice_20180511-600x1235.jpg 600w\" sizes=\"auto, (max-width: 234px) 100vw, 234px\" \/><\/a><\/p>\n<p><a href=\"http:\/\/www.voxon-festival.com\/wp-content\/uploads\/2018\/05\/kleinezeitung_20180508.jpg\" rel=\"prettyPhoto[252]\"><img loading=\"lazy\" decoding=\"async\" class=\"wp-image-891 alignnone\" src=\"http:\/\/www.voxon-festival.com\/wp-content\/uploads\/2018\/05\/kleinezeitung_20180508.jpg\" alt=\"\" width=\"260\" height=\"400\" srcset=\"http:\/\/www.voxon-festival.com\/wp-content\/uploads\/2018\/05\/kleinezeitung_20180508.jpg 801w, http:\/\/www.voxon-festival.com\/wp-content\/uploads\/2018\/05\/kleinezeitung_20180508-195x300.jpg 195w, http:\/\/www.voxon-festival.com\/wp-content\/uploads\/2018\/05\/kleinezeitung_20180508-768x1182.jpg 768w, http:\/\/www.voxon-festival.com\/wp-content\/uploads\/2018\/05\/kleinezeitung_20180508-665x1024.jpg 665w, http:\/\/www.voxon-festival.com\/wp-content\/uploads\/2018\/05\/kleinezeitung_20180508-600x924.jpg 600w\" sizes=\"auto, (max-width: 260px) 100vw, 260px\" \/><\/a><\/p>\n<p><a href=\"http:\/\/www.voxon-festival.com\/wp-content\/uploads\/2018\/05\/E8332B51-7A83-45B8-BA5D-BAFB712B0F44.jpeg\" rel=\"prettyPhoto[252]\"><img loading=\"lazy\" decoding=\"async\" class=\"alignleft size-full wp-image-910\" src=\"http:\/\/www.voxon-festival.com\/wp-content\/uploads\/2018\/05\/E8332B51-7A83-45B8-BA5D-BAFB712B0F44.jpeg\" alt=\"\" width=\"1493\" height=\"1990\" srcset=\"http:\/\/www.voxon-festival.com\/wp-content\/uploads\/2018\/05\/E8332B51-7A83-45B8-BA5D-BAFB712B0F44.jpeg 1493w, http:\/\/www.voxon-festival.com\/wp-content\/uploads\/2018\/05\/E8332B51-7A83-45B8-BA5D-BAFB712B0F44-225x300.jpeg 225w, http:\/\/www.voxon-festival.com\/wp-content\/uploads\/2018\/05\/E8332B51-7A83-45B8-BA5D-BAFB712B0F44-768x1024.jpeg 768w, http:\/\/www.voxon-festival.com\/wp-content\/uploads\/2018\/05\/E8332B51-7A83-45B8-BA5D-BAFB712B0F44-600x800.jpeg 600w\" sizes=\"auto, (max-width: 1493px) 100vw, 1493px\" \/><\/a><\/p>\n<p><a href=\"http:\/\/www.voxon-festival.com\/wp-content\/uploads\/2018\/05\/woche_20180509.jpg\" rel=\"prettyPhoto[252]\"><img loading=\"lazy\" decoding=\"async\" class=\"wp-image-892 alignnone\" src=\"http:\/\/www.voxon-festival.com\/wp-content\/uploads\/2018\/05\/woche_20180509.jpg\" alt=\"\" width=\"501\" height=\"216\" srcset=\"http:\/\/www.voxon-festival.com\/wp-content\/uploads\/2018\/05\/woche_20180509.jpg 2000w, http:\/\/www.voxon-festival.com\/wp-content\/uploads\/2018\/05\/woche_20180509-300x129.jpg 300w, http:\/\/www.voxon-festival.com\/wp-content\/uploads\/2018\/05\/woche_20180509-768x331.jpg 768w, http:\/\/www.voxon-festival.com\/wp-content\/uploads\/2018\/05\/woche_20180509-1024x441.jpg 1024w, http:\/\/www.voxon-festival.com\/wp-content\/uploads\/2018\/05\/woche_20180509-600x258.jpg 600w\" sizes=\"auto, (max-width: 501px) 100vw, 501px\" \/><\/a><\/p>\n<p><a href=\"http:\/\/www.voxon-festival.com\/wp-content\/uploads\/2018\/05\/kleinezeitung_20180503.jpg\" rel=\"prettyPhoto[252]\"><img loading=\"lazy\" decoding=\"async\" class=\"wp-image-884 alignnone\" src=\"http:\/\/www.voxon-festival.com\/wp-content\/uploads\/2018\/05\/kleinezeitung_20180503.jpg\" alt=\"\" width=\"501\" height=\"404\" srcset=\"http:\/\/www.voxon-festival.com\/wp-content\/uploads\/2018\/05\/kleinezeitung_20180503.jpg 2000w, http:\/\/www.voxon-festival.com\/wp-content\/uploads\/2018\/05\/kleinezeitung_20180503-300x242.jpg 300w, http:\/\/www.voxon-festival.com\/wp-content\/uploads\/2018\/05\/kleinezeitung_20180503-768x619.jpg 768w, http:\/\/www.voxon-festival.com\/wp-content\/uploads\/2018\/05\/kleinezeitung_20180503-1024x825.jpg 1024w, http:\/\/www.voxon-festival.com\/wp-content\/uploads\/2018\/05\/kleinezeitung_20180503-600x484.jpg 600w\" sizes=\"auto, (max-width: 501px) 100vw, 501px\" \/><\/a><\/p>\n<p><a href=\"http:\/\/www.voxon-festival.com\/wp-content\/uploads\/2018\/05\/woche_20180503.jpg\" rel=\"prettyPhoto[252]\"><img loading=\"lazy\" decoding=\"async\" class=\"wp-image-885 alignnone\" src=\"http:\/\/www.voxon-festival.com\/wp-content\/uploads\/2018\/05\/woche_20180503.jpg\" alt=\"\" width=\"500\" height=\"438\" srcset=\"http:\/\/www.voxon-festival.com\/wp-content\/uploads\/2018\/05\/woche_20180503.jpg 1500w, http:\/\/www.voxon-festival.com\/wp-content\/uploads\/2018\/05\/woche_20180503-300x263.jpg 300w, http:\/\/www.voxon-festival.com\/wp-content\/uploads\/2018\/05\/woche_20180503-768x673.jpg 768w, http:\/\/www.voxon-festival.com\/wp-content\/uploads\/2018\/05\/woche_20180503-1024x898.jpg 1024w, http:\/\/www.voxon-festival.com\/wp-content\/uploads\/2018\/05\/woche_20180503-600x526.jpg 600w\" sizes=\"auto, (max-width: 500px) 100vw, 500px\" \/><\/a><\/p>\n<p><a href=\"http:\/\/www.voxon-festival.com\/wp-content\/uploads\/2018\/04\/voelkermarkter_20180419.jpg\" rel=\"prettyPhoto[252]\"><img loading=\"lazy\" decoding=\"async\" class=\"size-full wp-image-862 alignnone\" src=\"http:\/\/www.voxon-festival.com\/wp-content\/uploads\/2018\/04\/voelkermarkter_20180419.jpg\" alt=\"\" width=\"483\" height=\"649\" srcset=\"http:\/\/www.voxon-festival.com\/wp-content\/uploads\/2018\/04\/voelkermarkter_20180419.jpg 483w, http:\/\/www.voxon-festival.com\/wp-content\/uploads\/2018\/04\/voelkermarkter_20180419-223x300.jpg 223w\" sizes=\"auto, (max-width: 483px) 100vw, 483px\" \/><\/a><\/p>\n<p><a href=\"http:\/\/www.voxon-festival.com\/wp-content\/uploads\/2018\/03\/kleinezeitung_20180314.png\" rel=\"prettyPhoto[252]\"><img loading=\"lazy\" decoding=\"async\" class=\" wp-image-822 alignnone\" src=\"http:\/\/www.voxon-festival.com\/wp-content\/uploads\/2018\/03\/kleinezeitung_20180314.png\" alt=\"\" width=\"232\" height=\"506\" srcset=\"http:\/\/www.voxon-festival.com\/wp-content\/uploads\/2018\/03\/kleinezeitung_20180314.png 577w, http:\/\/www.voxon-festival.com\/wp-content\/uploads\/2018\/03\/kleinezeitung_20180314-138x300.png 138w, http:\/\/www.voxon-festival.com\/wp-content\/uploads\/2018\/03\/kleinezeitung_20180314-470x1024.png 470w\" sizes=\"auto, (max-width: 232px) 100vw, 232px\" \/><\/a><\/p>\n<h2>&nbsp;<\/h2>\n<h2>2017<\/h2>\n<p><a href=\"http:\/\/www.voxon-festival.com\/wp-content\/uploads\/2013\/11\/kleinezeitung_20170427.jpg\" rel=\"prettyPhoto[252]\"><img loading=\"lazy\" decoding=\"async\" class=\"wp-image-690 alignnone\" src=\"http:\/\/www.voxon-festival.com\/wp-content\/uploads\/2013\/11\/kleinezeitung_20170427.jpg\" alt=\"\" width=\"500\" height=\"1020\" srcset=\"http:\/\/www.voxon-festival.com\/wp-content\/uploads\/2013\/11\/kleinezeitung_20170427.jpg 1173w, http:\/\/www.voxon-festival.com\/wp-content\/uploads\/2013\/11\/kleinezeitung_20170427-147x300.jpg 147w, http:\/\/www.voxon-festival.com\/wp-content\/uploads\/2013\/11\/kleinezeitung_20170427-768x1567.jpg 768w, http:\/\/www.voxon-festival.com\/wp-content\/uploads\/2013\/11\/kleinezeitung_20170427-502x1024.jpg 502w\" sizes=\"auto, (max-width: 500px) 100vw, 500px\" \/><\/a><\/p>\n<h2>2015<\/h2>\n<p>V\u00f6lkermarkter, 18.11.2015<\/p>\n<p><a href=\"http:\/\/www.voxon-festival.com\/wp-content\/uploads\/2013\/11\/voelkermarkter_20151118.jpg\" rel=\"prettyPhoto[252]\"><img loading=\"lazy\" decoding=\"async\" class=\" wp-image-471 alignleft\" src=\"http:\/\/www.voxon-festival.com\/wp-content\/uploads\/2013\/11\/voelkermarkter_20151118.jpg\" alt=\"voelkermarkter_20151118\" width=\"500\" height=\"454\" srcset=\"http:\/\/www.voxon-festival.com\/wp-content\/uploads\/2013\/11\/voelkermarkter_20151118.jpg 700w, http:\/\/www.voxon-festival.com\/wp-content\/uploads\/2013\/11\/voelkermarkter_20151118-300x272.jpg 300w\" sizes=\"auto, (max-width: 500px) 100vw, 500px\" \/><\/a><\/p>\n","protected":false},"excerpt":{"rendered":"<p>Reviews The Real Group (SWE) &#8211; Anders Edenroth The Voxon festival was super well organized in the charming village of Bleiburg. It was also a great pleasure and an inspiration to share stage with Voxon who delivers an a cappella show full of energy and musicality. The audience was enthusiastic in a very warm and [&hellip;]<\/p>\n","protected":false},"author":1,"featured_media":0,"parent":0,"menu_order":0,"comment_status":"closed","ping_status":"closed","template":"","meta":{"ngg_post_thumbnail":0,"jetpack_post_was_ever_published":false,"footnotes":""},"class_list":["post-252","page","type-page","status-publish","hentry"],"jetpack_sharing_enabled":true,"jetpack_shortlink":"https:\/\/wp.me\/P6weoo-44","_links":{"self":[{"href":"http:\/\/www.voxon-festival.com\/index.php?rest_route=\/wp\/v2\/pages\/252","targetHints":{"allow":["GET"]}}],"collection":[{"href":"http:\/\/www.voxon-festival.com\/index.php?rest_route=\/wp\/v2\/pages"}],"about":[{"href":"http:\/\/www.voxon-festival.com\/index.php?rest_route=\/wp\/v2\/types\/page"}],"author":[{"embeddable":true,"href":"http:\/\/www.voxon-festival.com\/index.php?rest_route=\/wp\/v2\/users\/1"}],"replies":[{"embeddable":true,"href":"http:\/\/www.voxon-festival.com\/index.php?rest_route=%2Fwp%2Fv2%2Fcomments&post=252"}],"version-history":[{"count":25,"href":"http:\/\/www.voxon-festival.com\/index.php?rest_route=\/wp\/v2\/pages\/252\/revisions"}],"predecessor-version":[{"id":1114,"href":"http:\/\/www.voxon-festival.com\/index.php?rest_route=\/wp\/v2\/pages\/252\/revisions\/1114"}],"wp:attachment":[{"href":"http:\/\/www.voxon-festival.com\/index.php?rest_route=%2Fwp%2Fv2%2Fmedia&parent=252"}],"curies":[{"name":"wp","href":"https:\/\/api.w.org\/{rel}","templated":true}]}}