{"id":118,"date":"2012-05-12T06:36:37","date_gmt":"2012-05-12T06:36:37","guid":{"rendered":"http:\/\/www.voxon-festival.com\/?page_id=118"},"modified":"2019-05-02T06:49:02","modified_gmt":"2019-05-02T06:49:02","slug":"tickets","status":"publish","type":"page","link":"http:\/\/www.voxon-festival.com\/?page_id=118","title":{"rendered":"Tickets"},"content":{"rendered":"<h3>Tickets<\/h3>\n<p>Tickets f\u00fcr das Voxon A-cappella Festival 2019 gibt es nur noch bei \u00d6-Ticket, bei den Bleiburger Banken, der Hermagoras Buchhandlung oder unter der Info-Hotline!<\/p>\n<p>Vstopnice za Voxon A-cappella Festival 2019 dobite samo \u0161e pri \u00d6-Ticket, Eventim, pri pliber\u0161kih bankah, v Mohorjevi knjigarni in pod spodaj navedeno telefonsko \u0161tevilko!<\/p>\n<p>&nbsp;<\/p>\n<p><strong>Hier finden sie unseren Shop &#8211; einfach reinklicken:<\/strong><br \/>\n<strong> Tukaj najde\u0161 na\u0161o trgovino &#8211; klikni na:<\/strong><br \/>\n<a class=\"cs-button large red\" href=\"http:\/\/www.voxon-festival.com\/?page_id=520\" ><span>Ticketshop<\/span><\/a><\/p>\n<h3><strong>Info-Hotline<br \/>\n<\/strong><strong>0043 (0) 699 11 69 13 03<\/strong><\/h3>\n<p>oder<\/p>\n<p>tickets@voxon.at<\/p>\n<p><strong>Vorverkaufsstellen\/predprodaja:<\/strong><\/p>\n<p><a href=\"http:\/\/www.oeticket.com\/voxon-a-cappella-festival-bleiburg-Tickets.html?affiliate=EOE&amp;doc=artistPages%2Ftickets&amp;fun=artist&amp;action=tickets&amp;key=1547404%2410341755&amp;jumpIn=yTix&amp;kuid=&amp;hideArtist=true&amp;from=erdetaila\" target=\"_blank\" rel=\"noopener noreferrer\"><img loading=\"lazy\" decoding=\"async\" class=\"alignnone wp-image-593\" src=\"http:\/\/www.voxon-festival.com\/wp-content\/uploads\/2012\/05\/oeticket_logo2017.png\" alt=\"\" width=\"192\" height=\"78\" srcset=\"http:\/\/www.voxon-festival.com\/wp-content\/uploads\/2012\/05\/oeticket_logo2017.png 453w, http:\/\/www.voxon-festival.com\/wp-content\/uploads\/2012\/05\/oeticket_logo2017-300x122.png 300w\" sizes=\"auto, (max-width: 192px) 100vw, 192px\" \/><\/a><br \/>\n<a href=\"http:\/\/www.oeticket.com\/voxon-a-cappella-festival-bleiburg-Tickets.html?affiliate=EOE&amp;doc=artistPages%2Ftickets&amp;fun=artist&amp;action=tickets&amp;key=1547404%2410341755&amp;jumpIn=yTix&amp;kuid=&amp;hideArtist=true&amp;from=erdetaila\" target=\"_blank\" rel=\"noopener noreferrer\">www.oeticket.com<\/a><\/p>\n<p><strong>Vorverkaufsstellen\/predprodajna mesta:<\/strong><\/p>\n<p>alle Posojilnica Banken\/vse Posojilnice<br \/>\nRaika Bleiburg<br \/>\nK\u00e4rntner Sparkasse Bleiburg<\/p>\n<p>Mohorjeva knjigarna\/Hermagoras B\u00fccherei &#8211; Celovec\/Klagenfurt<br \/>\nKnjigarna Ha\u010dek &#8211; Buchhandlung Ha\u010dek&nbsp;&#8211; Celovec\/Klagenfurt<\/p>\n<p>bei den Voxon &#8211; Mitgliedern\/pri \u010dlanih Voxon<\/p>\n<p>&nbsp;<\/p>\n","protected":false},"excerpt":{"rendered":"<p>Tickets Tickets f\u00fcr das Voxon A-cappella Festival 2019 gibt es nur noch bei \u00d6-Ticket, bei den Bleiburger Banken, der Hermagoras Buchhandlung oder unter der Info-Hotline! Vstopnice za Voxon A-cappella Festival 2019 dobite samo \u0161e pri \u00d6-Ticket, Eventim, pri pliber\u0161kih bankah, v Mohorjevi knjigarni in pod spodaj navedeno telefonsko \u0161tevilko! &nbsp; Hier finden sie unseren Shop [&hellip;]<\/p>\n","protected":false},"author":1,"featured_media":0,"parent":0,"menu_order":0,"comment_status":"closed","ping_status":"closed","template":"","meta":{"ngg_post_thumbnail":0,"jetpack_post_was_ever_published":false,"footnotes":""},"class_list":["post-118","page","type-page","status-publish","hentry"],"jetpack_sharing_enabled":true,"jetpack_shortlink":"https:\/\/wp.me\/P6weoo-1U","_links":{"self":[{"href":"http:\/\/www.voxon-festival.com\/index.php?rest_route=\/wp\/v2\/pages\/118","targetHints":{"allow":["GET"]}}],"collection":[{"href":"http:\/\/www.voxon-festival.com\/index.php?rest_route=\/wp\/v2\/pages"}],"about":[{"href":"http:\/\/www.voxon-festival.com\/index.php?rest_route=\/wp\/v2\/types\/page"}],"author":[{"embeddable":true,"href":"http:\/\/www.voxon-festival.com\/index.php?rest_route=\/wp\/v2\/users\/1"}],"replies":[{"embeddable":true,"href":"http:\/\/www.voxon-festival.com\/index.php?rest_route=%2Fwp%2Fv2%2Fcomments&post=118"}],"version-history":[{"count":32,"href":"http:\/\/www.voxon-festival.com\/index.php?rest_route=\/wp\/v2\/pages\/118\/revisions"}],"predecessor-version":[{"id":1112,"href":"http:\/\/www.voxon-festival.com\/index.php?rest_route=\/wp\/v2\/pages\/118\/revisions\/1112"}],"wp:attachment":[{"href":"http:\/\/www.voxon-festival.com\/index.php?rest_route=%2Fwp%2Fv2%2Fmedia&parent=118"}],"curies":[{"name":"wp","href":"https:\/\/api.w.org\/{rel}","templated":true}]}}